{"id":1932,"date":"2023-08-17T18:13:42","date_gmt":"2023-08-17T21:13:42","guid":{"rendered":"https:\/\/impulsionarcarreiras.com.br\/?page_id=1932"},"modified":"2023-08-17T20:33:38","modified_gmt":"2023-08-17T23:33:38","slug":"mensagem-da-equipe","status":"publish","type":"page","link":"https:\/\/impulsionarcarreiras.com.br\/index.php\/mensagem-da-equipe\/","title":{"rendered":"Mensagem da equipe impulsionar"},"content":{"rendered":"\t\t<div data-elementor-type=\"wp-page\" data-elementor-id=\"1932\" class=\"elementor elementor-1932\">\n\t\t\t\t\t\t<section class=\"penci-section penci-dmcheck penci-elbg-activate penci-disSticky penci-structure-30 elementor-section elementor-top-section elementor-element elementor-element-56a595db elementor-section-full_width elementor-section-content-middle elementor-section-height-default elementor-section-height-default\" data-id=\"56a595db\" data-element_type=\"section\" data-settings=\"{&quot;background_background&quot;:&quot;classic&quot;}\">\n\t\t\t\t\t\t\t<div class=\"elementor-background-overlay\"><\/div>\n\t\t\t\t\t\t\t<div class=\"elementor-container elementor-column-gap-no\">\n\t\t\t\t\t<div class=\"penci-ercol-33 penci-ercol-order-1 penci-sticky-sb penci-sidebarSC penci-dmcheck penci-elbg-activate  elementor-column elementor-col-33 elementor-top-column elementor-element elementor-element-4af1cd8f\" data-id=\"4af1cd8f\" data-element_type=\"column\" data-settings=\"{&quot;background_background&quot;:&quot;classic&quot;}\">\n\t\t\t<div class=\"elementor-widget-wrap elementor-element-populated\">\n\t\t\t\t\t\t<div class=\"elementor-element elementor-element-72934c2d elementor-widget elementor-widget-image\" data-id=\"72934c2d\" data-element_type=\"widget\" data-widget_type=\"image.default\">\n\t\t\t\t<div class=\"elementor-widget-container\">\n\t\t\t\t\t\t\t\t\t\t\t\t\t\t\t<img fetchpriority=\"high\" decoding=\"async\" width=\"1001\" height=\"293\" src=\"https:\/\/impulsionarcarreiras.com.br\/wp-content\/uploads\/2023\/08\/IMG-5554.jpg\" class=\"attachment-large size-large wp-image-1944\" alt=\"Impulsionar\" srcset=\"https:\/\/impulsionarcarreiras.com.br\/wp-content\/uploads\/2023\/08\/IMG-5554.jpg 1001w, https:\/\/impulsionarcarreiras.com.br\/wp-content\/uploads\/2023\/08\/IMG-5554-300x88.jpg 300w, https:\/\/impulsionarcarreiras.com.br\/wp-content\/uploads\/2023\/08\/IMG-5554-768x225.jpg 768w, https:\/\/impulsionarcarreiras.com.br\/wp-content\/uploads\/2023\/08\/IMG-5554-585x171.jpg 585w\" sizes=\"(max-width: 1001px) 100vw, 1001px\" \/>\t\t\t\t\t\t\t\t\t\t\t\t\t\t\t<\/div>\n\t\t\t\t<\/div>\n\t\t\t\t\t<\/div>\n\t\t<\/div>\n\t\t\t\t<div class=\"penci-ercol-33 penci-ercol-order-2 penci-sticky-sb penci-sidebarSC penci-dmcheck penci-elbg-activate  elementor-column elementor-col-33 elementor-top-column elementor-element elementor-element-7891d34e\" data-id=\"7891d34e\" data-element_type=\"column\" data-settings=\"{&quot;background_background&quot;:&quot;classic&quot;}\">\n\t\t\t<div class=\"elementor-widget-wrap elementor-element-populated\">\n\t\t\t\t\t\t<div class=\"elementor-element elementor-element-1d460ec5 elementor-widget elementor-widget-penci-fancy_heading\" data-id=\"1d460ec5\" data-element_type=\"widget\" data-widget_type=\"penci-fancy_heading.default\">\n\t\t\t\t<div class=\"elementor-widget-container\">\n\t\t\t\t\t\t\t<div class=\"penci-fancy-heading penci-heading-text-center\">\r\n\t\t\t<div class=\"penci-fancy-heading-inner\">\r\n\t\t\t\t<div class=\"penci-heading-subtitle\">Impulsionar Carreiras<\/div><h2 class=\"penci-heading-title\"><span class=\"inner-tit\">Bem vindo!<\/span><\/h2>\t\t\t<\/div>\r\n\t\t<\/div>\r\n\t\t\t\t\t\t<\/div>\n\t\t\t\t<\/div>\n\t\t\t\t\t<\/div>\n\t\t<\/div>\n\t\t\t\t<div class=\"penci-ercol-33 penci-ercol-order-3 penci-sticky-sb penci-sidebarSC penci-dmcheck penci-elbg-activate  elementor-column elementor-col-33 elementor-top-column elementor-element elementor-element-2646525a\" data-id=\"2646525a\" data-element_type=\"column\" data-settings=\"{&quot;background_background&quot;:&quot;classic&quot;}\">\n\t\t\t<div class=\"elementor-widget-wrap elementor-element-populated\">\n\t\t\t\t\t\t<div class=\"elementor-element elementor-element-4b2e65ee elementor-widget elementor-widget-image\" data-id=\"4b2e65ee\" data-element_type=\"widget\" data-widget_type=\"image.default\">\n\t\t\t\t<div class=\"elementor-widget-container\">\n\t\t\t\t\t\t\t\t\t\t\t\t\t\t\t<img decoding=\"async\" width=\"1024\" height=\"659\" src=\"https:\/\/impulsionarcarreiras.com.br\/wp-content\/uploads\/2023\/08\/team-1024x659.jpg\" class=\"attachment-large size-large wp-image-1945\" alt=\"impulsionar equipe\" srcset=\"https:\/\/impulsionarcarreiras.com.br\/wp-content\/uploads\/2023\/08\/team-1024x659.jpg 1024w, https:\/\/impulsionarcarreiras.com.br\/wp-content\/uploads\/2023\/08\/team-300x193.jpg 300w, https:\/\/impulsionarcarreiras.com.br\/wp-content\/uploads\/2023\/08\/team-768x494.jpg 768w, https:\/\/impulsionarcarreiras.com.br\/wp-content\/uploads\/2023\/08\/team-1170x753.jpg 1170w, https:\/\/impulsionarcarreiras.com.br\/wp-content\/uploads\/2023\/08\/team-585x377.jpg 585w, https:\/\/impulsionarcarreiras.com.br\/wp-content\/uploads\/2023\/08\/team.jpg 1280w\" sizes=\"(max-width: 1024px) 100vw, 1024px\" \/>\t\t\t\t\t\t\t\t\t\t\t\t\t\t\t<\/div>\n\t\t\t\t<\/div>\n\t\t\t\t\t<\/div>\n\t\t<\/div>\n\t\t\t\t\t<\/div>\n\t\t<\/section>\n\t\t<div class=\"elementor-element elementor-element-9c77bf0 e-flex e-con-boxed e-con e-parent\" data-id=\"9c77bf0\" data-element_type=\"container\">\n\t\t\t\t\t<div class=\"e-con-inner\">\n\t\t\t\t\t<\/div>\n\t\t\t\t<\/div>\n\t\t<div class=\"elementor-element elementor-element-92d9c99 e-flex e-con-boxed e-con e-parent\" data-id=\"92d9c99\" data-element_type=\"container\">\n\t\t\t\t\t<div class=\"e-con-inner\">\n\t\t\t\t<div class=\"elementor-element elementor-element-902e675 elementor-widget elementor-widget-text-editor\" data-id=\"902e675\" data-element_type=\"widget\" data-widget_type=\"text-editor.default\">\n\t\t\t\t<div class=\"elementor-widget-container\">\n\t\t\t\t\t\t\t\t\t<p><em>Bem-vindo ao Impulsionar Carreiras!<\/em><\/p><p>Esse site ser\u00e1 seu guia para voc\u00ea impulsionar sua carreira. A busca pelo crescimento profissional n\u00e3o \u00e9 apenas uma necessidade financeira, mas sim um anseio profundo por uma vida mais gratificante e realizadora.<\/p><p>Entendemos que cada dia que voc\u00ea acorda e enfrenta o mundo com determina\u00e7\u00e3o, na esperan\u00e7a de encontrar aquela oportunidade que far\u00e1 toda a diferen\u00e7a, \u00e9 uma demonstra\u00e7\u00e3o de coragem e resili\u00eancia. Sabemos que as lutas di\u00e1rias podem ser desafiadoras, mas acreditamos que voc\u00ea tem o potencial para super\u00e1-las.<\/p><p>O crescimento profissional n\u00e3o \u00e9 apenas sobre sal\u00e1rios mais altos e benef\u00edcios, \u00e9 sobre encontrar um prop\u00f3sito, sentir-se valorizado pelo que faz e ter a chance de desenvolver suas habilidades. \u00c9 sobre acordar de manh\u00e3 com entusiasmo, sabendo que cada dia \u00e9 uma oportunidade para crescer e contribuir positivamente para o mundo ao seu redor.<\/p><p>Voc\u00ea merece ocupar um lugar onde suas ideias sejam ouvidas, suas conquistas sejam reconhecidas e seus talentos sejam cultivados.<\/p><p>Entendemos que o avan\u00e7o na vida profissional pode parecer uma jornada solit\u00e1ria, mas estamos aqui para caminhar ao seu lado. Este site foi criado para ser uma fonte de inspira\u00e7\u00e3o, conhecimento e apoio para voc\u00ea alcan\u00e7ar seus objetivos. N\u00f3s acreditamos no seu potencial e queremos ajud\u00e1-lo a despertar todo o brilho que h\u00e1 dentro de voc\u00ea.<\/p><p>Lembre-se de que voc\u00ea n\u00e3o est\u00e1 sozinho nessa jornada. Juntos, vamos enfrentar os desafios, celebrar as conquistas e trilhar o caminho rumo a um futuro melhor.<\/p><p>\u00a0\u00a0\u00a0\u00a0\u00a0\u00a0\u00a0\u00a0\u00a0\u00a0\u00a0\u00a0\u00a0\u00a0\u00a0\u00a0\u00a0\u00a0\u00a0\u00a0<\/p><p><em>Impulsionar Carreiras<\/em><\/p>\t\t\t\t\t\t\t\t<\/div>\n\t\t\t\t<\/div>\n\t\t\t\t\t<\/div>\n\t\t\t\t<\/div>\n\t\t<div class=\"elementor-element elementor-element-b8c5217 e-flex e-con-boxed e-con e-parent\" data-id=\"b8c5217\" data-element_type=\"container\">\n\t\t\t\t\t<div class=\"e-con-inner\">\n\t\t\t\t<div class=\"elementor-element elementor-element-1732aa7 elementor-widget-divider--view-line elementor-widget elementor-widget-divider\" data-id=\"1732aa7\" data-element_type=\"widget\" data-widget_type=\"divider.default\">\n\t\t\t\t<div class=\"elementor-widget-container\">\n\t\t\t\t\t\t\t<div class=\"elementor-divider\">\n\t\t\t<span class=\"elementor-divider-separator\">\n\t\t\t\t\t\t<\/span>\n\t\t<\/div>\n\t\t\t\t\t\t<\/div>\n\t\t\t\t<\/div>\n\t\t\t\t\t<\/div>\n\t\t\t\t<\/div>\n\t\t\t\t<section class=\"penci-section penci-dmcheck penci-elbg-activate penci-disSticky penci-structure-10 elementor-section elementor-top-section elementor-element elementor-element-23872d3c elementor-section-boxed elementor-section-height-default elementor-section-height-default\" data-id=\"23872d3c\" data-element_type=\"section\" data-settings=\"{&quot;background_background&quot;:&quot;classic&quot;,&quot;shape_divider_top&quot;:&quot;arrow&quot;}\">\n\t\t\t\t\t<div class=\"elementor-shape elementor-shape-top\" data-negative=\"false\">\n\t\t\t<svg xmlns=\"http:\/\/www.w3.org\/2000\/svg\" viewBox=\"0 0 700 10\" preserveAspectRatio=\"none\">\n\t<path class=\"elementor-shape-fill\" d=\"M350,10L340,0h20L350,10z\"\/>\n<\/svg>\t\t<\/div>\n\t\t\t\t\t<div class=\"elementor-container elementor-column-gap-no\">\n\t\t\t\t\t<div class=\"penci-ercol-100 penci-ercol-order-1 penci-sticky-ct    elementor-column elementor-col-100 elementor-top-column elementor-element elementor-element-fa3de0c\" data-id=\"fa3de0c\" data-element_type=\"column\">\n\t\t\t<div class=\"elementor-widget-wrap elementor-element-populated\">\n\t\t\t\t\t\t<div class=\"elementor-element elementor-element-713d863c elementor-widget elementor-widget-penci-fancy_heading\" data-id=\"713d863c\" data-element_type=\"widget\" data-widget_type=\"penci-fancy_heading.default\">\n\t\t\t\t<div class=\"elementor-widget-container\">\n\t\t\t\t\t\t\t<div class=\"penci-fancy-heading penci-heading-text-center pc-fctline\">\r\n\t\t\t<div class=\"penci-fancy-heading-inner\">\r\n\t\t\t\t<h3 class=\"penci-heading-title\"><span class=\"inner-tit\">Nosso  Objetivo \u00e9 o seu sucesso!<\/span><\/h3><div class=\"penci-heading-content entry-content\"><p>Nossa equipe trabalha incansavelmente para trazer a voc\u00ea conte\u00fado de qualidade, projetado para catalisar o seu desenvolvimento profissional e pessoal. Os artigos s\u00e3o cuidadosamente criados para fornecer insights valiosos, dicas pr\u00e1ticas e orienta\u00e7\u00f5es s\u00f3lidas, visando capacit\u00e1-lo a atingir novos patamares em sua jornada.<\/p>\n<\/div>\t\t\t<\/div>\r\n\t\t<\/div>\r\n\t\t\t\t\t\t<\/div>\n\t\t\t\t<\/div>\n\t\t\t\t\t<\/div>\n\t\t<\/div>\n\t\t\t\t\t<\/div>\n\t\t<\/section>\n\t\t\t\t<section class=\"penci-section penci-disSticky penci-structure-30 elementor-section elementor-top-section elementor-element elementor-element-24c9a508 elementor-section-boxed elementor-section-height-default elementor-section-height-default\" data-id=\"24c9a508\" data-element_type=\"section\">\n\t\t\t\t\t\t<div class=\"elementor-container elementor-column-gap-extended\">\n\t\t\t\t\t<div class=\"penci-ercol-33 penci-ercol-order-1 penci-sticky-sb penci-sidebarSC   elementor-column elementor-col-33 elementor-top-column elementor-element elementor-element-5c92022d\" data-id=\"5c92022d\" data-element_type=\"column\">\n\t\t\t<div class=\"elementor-widget-wrap elementor-element-populated\">\n\t\t\t\t\t\t<div class=\"elementor-element elementor-element-53c5d307 elementor-widget elementor-widget-penci-info-box\" data-id=\"53c5d307\" data-element_type=\"widget\" data-widget_type=\"penci-info-box.default\">\n\t\t\t\t<div class=\"elementor-widget-container\">\n\t\t\t\t\t        <div id=\"penci_info_box_51905\" class=\"penci-block-vc penci-info-box penci-ibox-top-center penci-view-stacked penci-shape-circle\">\r\n            <div class=\"penci-ibox-inner penci-animation-grow\">\r\n\t\t\t\t\t\t\t\t<div class=\"penci-ibox-icon penci-ibox-icon--icon penci-icon penci-tibox-icon\"><span class=\"penci-ibox-icon-fa\"><i class=\"penci-ibox-icon--i fa fa-bolt\" aria-hidden=\"true\"><\/i><\/span><\/div>                <div class=\"penci-ibox-content-wrap\">\r\n\t\t\t\t\t\t\t\t\t\t<h3\r\n                            class=\"penci-ibox-title\">CONTE\u00daDO ATUALIZADO<\/h3>\t\t\t\t\t                        <div class=\"pc-ibox-wpline\"><span class=\"penci-ibox-line\"><\/span><\/div>\t\t\t\t\t                        <div class=\"penci-ibox-content\"><p>Nossos artigos s\u00e3o constantemente atualizados para refletir as \u00faltimas tend\u00eancias e melhores pr\u00e1ticas em evolu\u00e7\u00e3o.<\/p>\n<\/div>\t\t\t\t\t                <\/div>\r\n            <\/div>\r\n        <\/div>\r\n\t\t\t\t\t\t<\/div>\n\t\t\t\t<\/div>\n\t\t\t\t\t<\/div>\n\t\t<\/div>\n\t\t\t\t<div class=\"penci-ercol-33 penci-ercol-order-2 penci-sticky-sb penci-sidebarSC   elementor-column elementor-col-33 elementor-top-column elementor-element elementor-element-2799a7e6\" data-id=\"2799a7e6\" data-element_type=\"column\">\n\t\t\t<div class=\"elementor-widget-wrap elementor-element-populated\">\n\t\t\t\t\t\t<div class=\"elementor-element elementor-element-42a51b01 elementor-widget elementor-widget-penci-info-box\" data-id=\"42a51b01\" data-element_type=\"widget\" data-widget_type=\"penci-info-box.default\">\n\t\t\t\t<div class=\"elementor-widget-container\">\n\t\t\t\t\t        <div id=\"penci_info_box_63848\" class=\"penci-block-vc penci-info-box penci-ibox-top-center penci-view-stacked penci-shape-circle\">\r\n            <div class=\"penci-ibox-inner penci-animation-grow\">\r\n\t\t\t\t\t\t\t\t<div class=\"penci-ibox-icon penci-ibox-icon--icon penci-icon penci-tibox-icon\"><span class=\"penci-ibox-icon-fa\"><i class=\"penci-ibox-icon--i fa fa-angle-double-up\" aria-hidden=\"true\"><\/i><\/span><\/div>                <div class=\"penci-ibox-content-wrap\">\r\n\t\t\t\t\t\t\t\t\t\t<h3\r\n                            class=\"penci-ibox-title\">DICAS DE CURSOS<\/h3>\t\t\t\t\t                        <div class=\"pc-ibox-wpline\"><span class=\"penci-ibox-line\"><\/span><\/div>\t\t\t\t\t                        <div class=\"penci-ibox-content\"><p>Para garantir que voc\u00ea tenha as melhores ferramentas \u00e0 sua disposi\u00e7\u00e3o, em alguns artigos trazemos recomenda\u00e7\u00f5es de cursos e\/ou produtos. Cada uma delas \u00e9 feita com base em sua relev\u00e2ncia e capacidade de agregar valor real \u00e0 sua trajet\u00f3ria.<\/p>\n<\/div>\t\t\t\t\t                <\/div>\r\n            <\/div>\r\n        <\/div>\r\n\t\t\t\t\t\t<\/div>\n\t\t\t\t<\/div>\n\t\t\t\t\t<\/div>\n\t\t<\/div>\n\t\t\t\t<div class=\"penci-ercol-33 penci-ercol-order-3 penci-sticky-sb penci-sidebarSC   elementor-column elementor-col-33 elementor-top-column elementor-element elementor-element-40db07cf\" data-id=\"40db07cf\" data-element_type=\"column\">\n\t\t\t<div class=\"elementor-widget-wrap elementor-element-populated\">\n\t\t\t\t\t\t<div class=\"elementor-element elementor-element-3cdeaaf2 elementor-widget elementor-widget-penci-info-box\" data-id=\"3cdeaaf2\" data-element_type=\"widget\" data-widget_type=\"penci-info-box.default\">\n\t\t\t\t<div class=\"elementor-widget-container\">\n\t\t\t\t\t        <div id=\"penci_info_box_82743\" class=\"penci-block-vc penci-info-box penci-ibox-top-center penci-view-stacked penci-shape-circle\">\r\n            <div class=\"penci-ibox-inner penci-animation-grow\">\r\n\t\t\t\t\t\t\t\t<div class=\"penci-ibox-icon penci-ibox-icon--icon penci-icon penci-tibox-icon\"><span class=\"penci-ibox-icon-fa\"><i class=\"penci-ibox-icon--i fa fa-check\" aria-hidden=\"true\"><\/i><\/span><\/div>                <div class=\"penci-ibox-content-wrap\">\r\n\t\t\t\t\t\t\t\t\t\t<h3\r\n                            class=\"penci-ibox-title\">MATERIAIS TESTADOS<\/h3>\t\t\t\t\t                        <div class=\"pc-ibox-wpline\"><span class=\"penci-ibox-line\"><\/span><\/div>\t\t\t\t\t                        <div class=\"penci-ibox-content\"><p>As recomenda\u00e7\u00f5es de cursos ou produtos apresentadas em nosso site atrav\u00e9s de links passam por rigorosos testes. S\u00e3o cursos ou produtos testados, livres de banners e spams.<\/p>\n<\/div>\t\t\t\t\t                <\/div>\r\n            <\/div>\r\n        <\/div>\r\n\t\t\t\t\t\t<\/div>\n\t\t\t\t<\/div>\n\t\t\t\t\t<\/div>\n\t\t<\/div>\n\t\t\t\t\t<\/div>\n\t\t<\/section>\n\t\t\t\t<\/div>\n\t\t","protected":false},"excerpt":{"rendered":"<p>Impulsionar Carreiras Bem vindo! Bem-vindo ao Impulsionar Carreiras! Esse site ser\u00e1 seu guia para voc\u00ea&hellip;<\/p>\n","protected":false},"author":1,"featured_media":0,"parent":0,"menu_order":0,"comment_status":"closed","ping_status":"closed","template":"","meta":{"content-type":"","footnotes":""},"yoast_head":"<!-- This site is optimized with the Yoast SEO plugin v21.2 - https:\/\/yoast.com\/wordpress\/plugins\/seo\/ -->\n<title>Mensagem da equipe impulsionar - Impulsionar Carreiras<\/title>\n<meta name=\"robots\" content=\"index, follow, max-snippet:-1, max-image-preview:large, max-video-preview:-1\" \/>\n<link rel=\"canonical\" href=\"https:\/\/impulsionarcarreiras.com.br\/index.php\/mensagem-da-equipe\/\" \/>\n<meta property=\"og:locale\" content=\"en_US\" \/>\n<meta property=\"og:type\" content=\"article\" \/>\n<meta property=\"og:title\" content=\"Mensagem da equipe impulsionar - Impulsionar Carreiras\" \/>\n<meta property=\"og:description\" content=\"Impulsionar Carreiras Bem vindo! Bem-vindo ao Impulsionar Carreiras! Esse site ser\u00e1 seu guia para voc\u00ea&hellip;\" \/>\n<meta property=\"og:url\" content=\"https:\/\/impulsionarcarreiras.com.br\/index.php\/mensagem-da-equipe\/\" \/>\n<meta property=\"og:site_name\" content=\"Impulsionar Carreiras\" \/>\n<meta property=\"article:modified_time\" content=\"2023-08-17T23:33:38+00:00\" \/>\n<meta property=\"og:image\" content=\"https:\/\/impulsionarcarreiras.com.br\/wp-content\/uploads\/2023\/08\/IMG-5554.jpg\" \/>\n<meta name=\"twitter:card\" content=\"summary_large_image\" \/>\n<meta name=\"twitter:label1\" content=\"Est. reading time\" \/>\n\t<meta name=\"twitter:data1\" content=\"3 minutes\" \/>\n<script type=\"application\/ld+json\" class=\"yoast-schema-graph\">{\"@context\":\"https:\/\/schema.org\",\"@graph\":[{\"@type\":\"WebPage\",\"@id\":\"https:\/\/impulsionarcarreiras.com.br\/index.php\/mensagem-da-equipe\/\",\"url\":\"https:\/\/impulsionarcarreiras.com.br\/index.php\/mensagem-da-equipe\/\",\"name\":\"Mensagem da equipe impulsionar - Impulsionar Carreiras\",\"isPartOf\":{\"@id\":\"https:\/\/impulsionarcarreiras.com.br\/#website\"},\"datePublished\":\"2023-08-17T21:13:42+00:00\",\"dateModified\":\"2023-08-17T23:33:38+00:00\",\"breadcrumb\":{\"@id\":\"https:\/\/impulsionarcarreiras.com.br\/index.php\/mensagem-da-equipe\/#breadcrumb\"},\"inLanguage\":\"en-US\",\"potentialAction\":[{\"@type\":\"ReadAction\",\"target\":[\"https:\/\/impulsionarcarreiras.com.br\/index.php\/mensagem-da-equipe\/\"]}]},{\"@type\":\"BreadcrumbList\",\"@id\":\"https:\/\/impulsionarcarreiras.com.br\/index.php\/mensagem-da-equipe\/#breadcrumb\",\"itemListElement\":[{\"@type\":\"ListItem\",\"position\":1,\"name\":\"In\u00edcio\",\"item\":\"https:\/\/impulsionarcarreiras.com.br\/\"},{\"@type\":\"ListItem\",\"position\":2,\"name\":\"Mensagem da equipe impulsionar\"}]},{\"@type\":\"WebSite\",\"@id\":\"https:\/\/impulsionarcarreiras.com.br\/#website\",\"url\":\"https:\/\/impulsionarcarreiras.com.br\/\",\"name\":\"Impulsionar Carreiras\",\"description\":\"\",\"potentialAction\":[{\"@type\":\"SearchAction\",\"target\":{\"@type\":\"EntryPoint\",\"urlTemplate\":\"https:\/\/impulsionarcarreiras.com.br\/?s={search_term_string}\"},\"query-input\":\"required name=search_term_string\"}],\"inLanguage\":\"en-US\"}]}<\/script>\n<!-- \/ Yoast SEO plugin. -->","yoast_head_json":{"title":"Mensagem da equipe impulsionar - Impulsionar Carreiras","robots":{"index":"index","follow":"follow","max-snippet":"max-snippet:-1","max-image-preview":"max-image-preview:large","max-video-preview":"max-video-preview:-1"},"canonical":"https:\/\/impulsionarcarreiras.com.br\/index.php\/mensagem-da-equipe\/","og_locale":"en_US","og_type":"article","og_title":"Mensagem da equipe impulsionar - Impulsionar Carreiras","og_description":"Impulsionar Carreiras Bem vindo! Bem-vindo ao Impulsionar Carreiras! Esse site ser\u00e1 seu guia para voc\u00ea&hellip;","og_url":"https:\/\/impulsionarcarreiras.com.br\/index.php\/mensagem-da-equipe\/","og_site_name":"Impulsionar Carreiras","article_modified_time":"2023-08-17T23:33:38+00:00","og_image":[{"url":"https:\/\/impulsionarcarreiras.com.br\/wp-content\/uploads\/2023\/08\/IMG-5554.jpg"}],"twitter_card":"summary_large_image","twitter_misc":{"Est. reading time":"3 minutes"},"schema":{"@context":"https:\/\/schema.org","@graph":[{"@type":"WebPage","@id":"https:\/\/impulsionarcarreiras.com.br\/index.php\/mensagem-da-equipe\/","url":"https:\/\/impulsionarcarreiras.com.br\/index.php\/mensagem-da-equipe\/","name":"Mensagem da equipe impulsionar - Impulsionar Carreiras","isPartOf":{"@id":"https:\/\/impulsionarcarreiras.com.br\/#website"},"datePublished":"2023-08-17T21:13:42+00:00","dateModified":"2023-08-17T23:33:38+00:00","breadcrumb":{"@id":"https:\/\/impulsionarcarreiras.com.br\/index.php\/mensagem-da-equipe\/#breadcrumb"},"inLanguage":"en-US","potentialAction":[{"@type":"ReadAction","target":["https:\/\/impulsionarcarreiras.com.br\/index.php\/mensagem-da-equipe\/"]}]},{"@type":"BreadcrumbList","@id":"https:\/\/impulsionarcarreiras.com.br\/index.php\/mensagem-da-equipe\/#breadcrumb","itemListElement":[{"@type":"ListItem","position":1,"name":"In\u00edcio","item":"https:\/\/impulsionarcarreiras.com.br\/"},{"@type":"ListItem","position":2,"name":"Mensagem da equipe impulsionar"}]},{"@type":"WebSite","@id":"https:\/\/impulsionarcarreiras.com.br\/#website","url":"https:\/\/impulsionarcarreiras.com.br\/","name":"Impulsionar Carreiras","description":"","potentialAction":[{"@type":"SearchAction","target":{"@type":"EntryPoint","urlTemplate":"https:\/\/impulsionarcarreiras.com.br\/?s={search_term_string}"},"query-input":"required name=search_term_string"}],"inLanguage":"en-US"}]}},"_links":{"self":[{"href":"https:\/\/impulsionarcarreiras.com.br\/index.php\/wp-json\/wp\/v2\/pages\/1932"}],"collection":[{"href":"https:\/\/impulsionarcarreiras.com.br\/index.php\/wp-json\/wp\/v2\/pages"}],"about":[{"href":"https:\/\/impulsionarcarreiras.com.br\/index.php\/wp-json\/wp\/v2\/types\/page"}],"author":[{"embeddable":true,"href":"https:\/\/impulsionarcarreiras.com.br\/index.php\/wp-json\/wp\/v2\/users\/1"}],"replies":[{"embeddable":true,"href":"https:\/\/impulsionarcarreiras.com.br\/index.php\/wp-json\/wp\/v2\/comments?post=1932"}],"version-history":[{"count":8,"href":"https:\/\/impulsionarcarreiras.com.br\/index.php\/wp-json\/wp\/v2\/pages\/1932\/revisions"}],"predecessor-version":[{"id":1949,"href":"https:\/\/impulsionarcarreiras.com.br\/index.php\/wp-json\/wp\/v2\/pages\/1932\/revisions\/1949"}],"wp:attachment":[{"href":"https:\/\/impulsionarcarreiras.com.br\/index.php\/wp-json\/wp\/v2\/media?parent=1932"}],"curies":[{"name":"wp","href":"https:\/\/api.w.org\/{rel}","templated":true}]}}