{"id":2147,"date":"2023-08-19T21:21:37","date_gmt":"2023-08-20T00:21:37","guid":{"rendered":"https:\/\/impulsionarcarreiras.com.br\/?page_id=2147"},"modified":"2023-08-21T21:50:11","modified_gmt":"2023-08-22T00:50:11","slug":"afiliados","status":"publish","type":"page","link":"https:\/\/impulsionarcarreiras.com.br\/index.php\/marketing-digital\/afiliados\/","title":{"rendered":"Afiliados"},"content":{"rendered":"\t\t<div data-elementor-type=\"wp-page\" data-elementor-id=\"2147\" class=\"elementor elementor-2147\">\n\t\t\t\t\t\t<section class=\"penci-section penci-dmcheck penci-elbg-activate penci-disSticky penci-structure-20 elementor-section elementor-top-section elementor-element elementor-element-5b52b350 elementor-section-content-middle elementor-section-boxed elementor-section-height-default elementor-section-height-default\" data-id=\"5b52b350\" data-element_type=\"section\" data-settings=\"{&quot;background_background&quot;:&quot;classic&quot;}\">\n\t\t\t\t\t\t<div class=\"elementor-container elementor-column-gap-extended\">\n\t\t\t\t\t<div class=\"penci-ercol-50 penci-ercol-order-1 penci-sticky-ct  penci-dmcheck penci-elbg-activate  elementor-column elementor-col-50 elementor-top-column elementor-element elementor-element-44986c8d\" data-id=\"44986c8d\" data-element_type=\"column\" data-settings=\"{&quot;background_background&quot;:&quot;classic&quot;}\">\n\t\t\t<div class=\"elementor-widget-wrap elementor-element-populated\">\n\t\t\t\t\t\t<div class=\"elementor-element elementor-element-5ae0eb04 elementor-widget elementor-widget-image\" data-id=\"5ae0eb04\" data-element_type=\"widget\" data-widget_type=\"image.default\">\n\t\t\t\t<div class=\"elementor-widget-container\">\n\t\t\t\t\t\t\t\t\t\t\t\t\t\t\t<img loading=\"lazy\" decoding=\"async\" width=\"500\" height=\"750\" src=\"https:\/\/impulsionarcarreiras.com.br\/wp-content\/uploads\/2023\/08\/afiliados.jpeg\" class=\"attachment-large size-large wp-image-2150\" alt=\"afiliados impulsione suas vendas\" srcset=\"https:\/\/impulsionarcarreiras.com.br\/wp-content\/uploads\/2023\/08\/afiliados.jpeg 500w, https:\/\/impulsionarcarreiras.com.br\/wp-content\/uploads\/2023\/08\/afiliados-200x300.jpeg 200w\" sizes=\"(max-width: 500px) 100vw, 500px\" \/>\t\t\t\t\t\t\t\t\t\t\t\t\t\t\t<\/div>\n\t\t\t\t<\/div>\n\t\t\t\t\t<\/div>\n\t\t<\/div>\n\t\t\t\t<div class=\"penci-ercol-50 penci-ercol-order-2 penci-sticky-ct    elementor-column elementor-col-50 elementor-top-column elementor-element elementor-element-5c673afd\" data-id=\"5c673afd\" data-element_type=\"column\">\n\t\t\t<div class=\"elementor-widget-wrap elementor-element-populated\">\n\t\t\t\t\t\t<div class=\"elementor-element elementor-element-6e46a553 elementor-widget__width-initial elementor-widget elementor-widget-penci-fancy_heading\" data-id=\"6e46a553\" data-element_type=\"widget\" data-widget_type=\"penci-fancy_heading.default\">\n\t\t\t\t<div class=\"elementor-widget-container\">\n\t\t\t\t\t\t\t<div class=\"penci-fancy-heading penci-heading-text-left\">\r\n\t\t\t<div class=\"penci-fancy-heading-inner\">\r\n\t\t\t\t<div class=\"penci-heading-subtitle\">Bem-vindo \u00e0 nossa Central de Vendas Turbo!<\/div><h4 class=\"penci-heading-title\"><span class=\"inner-tit\">AFILIADOS<\/span><\/h4><div class=\"penci-heading-content entry-content\"><p>Se voc\u00ea \u00e9 um afiliado em busca de um impulso \u00e9pico para suas vendas, voc\u00ea est\u00e1 no lugar certo! Aqui \u00e9 onde a m\u00e1gica acontece e as vendas disparam como foguetes. <\/p>\n<p>Nossos artigos s\u00e3o como a po\u00e7\u00e3o secreta dos afiliados bem-sucedidos - <B>repletos de dicas, truques e estrat\u00e9gias <\/B>que ir\u00e3o transformar suas campanhas em verdadeiras m\u00e1quinas de convers\u00e3o. <\/p>\n<p>De desvendar os segredos das palavras persuasivas a desbravar o labirinto das redes sociais, nossos conte\u00fados s\u00e3o o seu mapa para o sucesso. <B>N\u00e3o importa se voc\u00ea est\u00e1 come\u00e7ando ou j\u00e1 \u00e9 um veterano<\/B>, temos insights frescos para todos os gostos.<\/p>\n<p>Ent\u00e3o, vista seu capacete de vendas, pegue um punhado de entusiasmo e explore nossos artigos. Prepare-se para dar um boost nas suas vendas que vai deixar todos de queixo ca\u00eddo. <\/p>\n<\/div>\t\t\t<\/div>\r\n\t\t<\/div>\r\n\t\t\t\t\t\t<\/div>\n\t\t\t\t<\/div>\n\t\t\t\t\t<\/div>\n\t\t<\/div>\n\t\t\t\t\t<\/div>\n\t\t<\/section>\n\t\t<div class=\"elementor-element elementor-element-9c77bf0 e-flex e-con-boxed e-con e-parent\" data-id=\"9c77bf0\" data-element_type=\"container\">\n\t\t\t\t\t<div class=\"e-con-inner\">\n\t\t\t\t\t<\/div>\n\t\t\t\t<\/div>\n\t\t<div class=\"elementor-element elementor-element-92d9c99 e-flex e-con-boxed e-con e-parent\" data-id=\"92d9c99\" data-element_type=\"container\">\n\t\t\t\t\t<div class=\"e-con-inner\">\n\t\t\t\t<div class=\"elementor-element elementor-element-34775b2 elementor-widget elementor-widget-penci-featured-cat\" data-id=\"34775b2\" data-element_type=\"widget\" data-settings=\"{&quot;penci_row_gap&quot;:{&quot;unit&quot;:&quot;px&quot;,&quot;size&quot;:&quot;&quot;,&quot;sizes&quot;:[]}}\" data-widget_type=\"penci-featured-cat.default\">\n\t\t\t\t<div class=\"elementor-widget-container\">\n\t\t\t\t\t            <div id=\"pencifeatured_cat_90757\" class=\"penci-featured-cat-sc\">\r\n\t\t\t\t                    <section class=\"home-featured-cat mag-cat-style-8\">\r\n\t\t\t\t\t\t\t\t\t\t\t\t                            <div class=\"penci-border-arrow penci-homepage-title penci-magazine-title style-5 pcalign-left pciconp-right pcicon-right\">\r\n                                <h3 class=\"inner-arrow\">\r\n                                    <span>\r\n\t\t\t\t\t\t\t\t\tImpulsione suas vendas!                                    <\/span>\r\n                                <\/h3>\r\n\t\t\t\t\t\t\t\t                            <\/div>\r\n\t\t\t\t\t\t                        <div class=\"home-featured-cat-wrapper\">\r\n                            <div class=\"home-featured-cat-content pwf-id-default style-8\">\r\n\t\t\t\t\t\t\t\t\t\t\t\t\t\t\t\t\t\t\t\t\t\t\t\t\t\t\t\t                                            <ul class=\"penci-grid penci-grid-maglayout penci-fea-cat-style-8\">\r\n\t\t\t\t\t\t\t\t\t\t\t\t\t\t\t\t\t\t\t\t\t\t\t\t<li class=\"list-post\">\r\n    <article id=\"post-2174\" class=\"item hentry\">\r\n\t\t            <div class=\"thumbnail\">\r\n\t\t\t\t\r\n\t\t\t\t                    <a class=\"penci-image-holder penci-lazy\"\r\n                       data-bgset=\"https:\/\/impulsionarcarreiras.com.br\/wp-content\/uploads\/2023\/08\/melhores-plataformas-585x390.jpeg\"\r\n                       href=\"https:\/\/impulsionarcarreiras.com.br\/index.php\/2023\/08\/21\/os-cinco-melhores-programas-de-afiliados-de-produtos-digitais\/\"\r\n                       title=\"Os cinco melhores programas de afiliados de produtos digitais\">\r\n                    <\/a>\r\n\t\t\t\t\r\n\t\t\t\t\t\t\t\t\t\t\t\t\t\t\t\t\t\t\t\t\t\t\t\t\t\t\t\t\t\t\t\t\t            <\/div>\r\n\t\t\r\n        <div class=\"content-list-right content-list-center\">\r\n            <div class=\"header-list-style\">\r\n\t\t\t\t                    <span class=\"cat\"><a style=\"\" class=\"penci-cat-name penci-cat-103\" href=\"https:\/\/impulsionarcarreiras.com.br\/index.php\/category\/marketing-digital\/afiliados\/\"  rel=\"category tag\"><span style=\"\">Afiliados<\/span><\/a><a style=\"\" class=\"penci-cat-name penci-cat-102\" href=\"https:\/\/impulsionarcarreiras.com.br\/index.php\/category\/impulsione-sua-carreira\/\"  rel=\"category tag\"><span style=\"\">Impulso de Carreira<\/span><\/a><a style=\"\" class=\"penci-cat-name penci-cat-97\" href=\"https:\/\/impulsionarcarreiras.com.br\/index.php\/category\/marketing-digital\/\"  rel=\"category tag\"><span style=\"\">Marketing Digital<\/span><\/a><\/span>\r\n\t\t\t\t\r\n                <h2 class=\"grid-title entry-title\"><a\r\n                            href=\"https:\/\/impulsionarcarreiras.com.br\/index.php\/2023\/08\/21\/os-cinco-melhores-programas-de-afiliados-de-produtos-digitais\/\">Os cinco melhores programas de afiliados de produtos digitais<\/a>\r\n                <\/h2>\r\n\r\n\t\t\t\t                    <div class=\"grid-post-box-meta\">\r\n\t\t\t\t\t\t\t\t\t\t\t\t                            <span class=\"featc-date\"><time class=\"entry-date published\" datetime=\"2023-08-21T21:31:22-03:00\">21 de August de 2023<\/time><\/span>\r\n\t\t\t\t\t\t\t\t\t\t\t\t\t\t\t\t\t\t\t\t\t\t\t\t\t\t\t\t\t\t                    <\/div>\r\n\t\t\t\t            <\/div>\r\n\r\n\t\t\t                <div class=\"item-content entry-content\">\r\n\t\t\t\t\t<p>Conhe\u00e7a os cinco melhores programas de afiliados de produtos digitais Na era contempor\u00e2nea do com\u00e9rcio digital, o marketing de afiliados emergiu como uma estrat\u00e9gia eficaz &#8230;<\/p>\n                <\/div>\r\n\t\t\t\r\n        <\/div>\r\n\t\t\t\t<div class=\"penci-hide-tagupdated\">\n\t\t\t<span class=\"author-italic author vcard\">by \t\t\t\t\t\t\t\t\t\t<a class=\"author-url url fn n\"\n\t\t\t\t\t\t\t\t\t\t\thref=\"https:\/\/impulsionarcarreiras.com.br\/index.php\/author\/muriloribeiromkt\/\">muriloribeiromkt<\/a>\n\t\t\t\t\t\t\t\t\t<\/span>\n\t\t\t<time class=\"entry-date published\" datetime=\"2023-08-21T21:31:22-03:00\">21 de August de 2023<\/time>\t\t<\/div>\n\t\t\t    <\/article>\r\n<\/li>\r\n<li class=\"list-post\">\r\n    <article id=\"post-2156\" class=\"item hentry\">\r\n\t\t            <div class=\"thumbnail\">\r\n\t\t\t\t\r\n\t\t\t\t                    <a class=\"penci-image-holder penci-lazy\"\r\n                       data-bgset=\"https:\/\/impulsionarcarreiras.com.br\/wp-content\/uploads\/2023\/08\/afiliados-o-que-e-585x390.webp\"\r\n                       href=\"https:\/\/impulsionarcarreiras.com.br\/index.php\/2023\/08\/20\/o-que-e-marketing-de-afiliados\/\"\r\n                       title=\"O que \u00e9 marketing de afiliados &#8211; saiba tudo nesse artigo\">\r\n                    <\/a>\r\n\t\t\t\t\r\n\t\t\t\t\t\t\t\t\t\t\t\t\t\t\t\t\t\t\t\t\t\t\t\t\t\t\t\t\t\t\t\t\t            <\/div>\r\n\t\t\r\n        <div class=\"content-list-right content-list-center\">\r\n            <div class=\"header-list-style\">\r\n\t\t\t\t                    <span class=\"cat\"><a style=\"\" class=\"penci-cat-name penci-cat-103\" href=\"https:\/\/impulsionarcarreiras.com.br\/index.php\/category\/marketing-digital\/afiliados\/\"  rel=\"category tag\"><span style=\"\">Afiliados<\/span><\/a><a style=\"\" class=\"penci-cat-name penci-cat-102\" href=\"https:\/\/impulsionarcarreiras.com.br\/index.php\/category\/impulsione-sua-carreira\/\"  rel=\"category tag\"><span style=\"\">Impulso de Carreira<\/span><\/a><a style=\"\" class=\"penci-cat-name penci-cat-97\" href=\"https:\/\/impulsionarcarreiras.com.br\/index.php\/category\/marketing-digital\/\"  rel=\"category tag\"><span style=\"\">Marketing Digital<\/span><\/a><\/span>\r\n\t\t\t\t\r\n                <h2 class=\"grid-title entry-title\"><a\r\n                            href=\"https:\/\/impulsionarcarreiras.com.br\/index.php\/2023\/08\/20\/o-que-e-marketing-de-afiliados\/\">O que \u00e9 marketing de afiliados &#8211; saiba tudo nesse artigo<\/a>\r\n                <\/h2>\r\n\r\n\t\t\t\t                    <div class=\"grid-post-box-meta\">\r\n\t\t\t\t\t\t\t\t\t\t\t\t                            <span class=\"featc-date\"><time class=\"entry-date published\" datetime=\"2023-08-20T17:32:45-03:00\">20 de August de 2023<\/time><\/span>\r\n\t\t\t\t\t\t\t\t\t\t\t\t\t\t\t\t\t\t\t\t\t\t\t\t\t\t\t\t\t\t                    <\/div>\r\n\t\t\t\t            <\/div>\r\n\r\n\t\t\t                <div class=\"item-content entry-content\">\r\n\t\t\t\t\t<p>O que \u00e9 o marketing de afiliados? Afiliado &#8211; essa \u00e9 uma palavera que est\u00e1 em alta no mundo digital, possivelmente voc\u00ea j\u00e1 teve contato &#8230;<\/p>\n                <\/div>\r\n\t\t\t\r\n        <\/div>\r\n\t\t\t\t<div class=\"penci-hide-tagupdated\">\n\t\t\t<span class=\"author-italic author vcard\">by \t\t\t\t\t\t\t\t\t\t<a class=\"author-url url fn n\"\n\t\t\t\t\t\t\t\t\t\t\thref=\"https:\/\/impulsionarcarreiras.com.br\/index.php\/author\/muriloribeiromkt\/\">muriloribeiromkt<\/a>\n\t\t\t\t\t\t\t\t\t<\/span>\n\t\t\t<time class=\"entry-date published\" datetime=\"2023-08-20T17:32:45-03:00\">20 de August de 2023<\/time>\t\t<\/div>\n\t\t\t    <\/article>\r\n<\/li>\r\n\t\t\t\t\t\t\t\t\t\t\t\t                                            <\/ul>\r\n\t\t\t\t\t\t\t\t\t\t\t\t\t\t\t\t\t\t\t\t\t\t\t\t\t\t\t\t\t\t                            <\/div>\r\n\t\t\t\t\t\t\t\t\t\t\t\t\t\t\t\t\t\t\t\t\t\t\r\n\t\t\t\t\t\t\t\r\n                        <\/div>\r\n\r\n\t\t\t\t\t\t                <\/section>\r\n\t\t\t\r\n            <\/div><!-- penci-featured-cat-sc -->\r\n\t\t\t            <style>\r\n                            <\/style>\r\n\t\t\t\t\t\t\t<\/div>\n\t\t\t\t<\/div>\n\t\t\t\t<div class=\"elementor-element elementor-element-142546f elementor-widget-divider--view-line elementor-widget elementor-widget-divider\" data-id=\"142546f\" data-element_type=\"widget\" data-widget_type=\"divider.default\">\n\t\t\t\t<div class=\"elementor-widget-container\">\n\t\t\t\t\t\t\t<div class=\"elementor-divider\">\n\t\t\t<span class=\"elementor-divider-separator\">\n\t\t\t\t\t\t<\/span>\n\t\t<\/div>\n\t\t\t\t\t\t<\/div>\n\t\t\t\t<\/div>\n\t\t\t\t\t<\/div>\n\t\t\t\t<\/div>\n\t\t\t\t<\/div>\n\t\t","protected":false},"excerpt":{"rendered":"<p>Bem-vindo \u00e0 nossa Central de Vendas Turbo! AFILIADOS Se voc\u00ea \u00e9 um afiliado em busca&hellip;<\/p>\n","protected":false},"author":1,"featured_media":0,"parent":1886,"menu_order":0,"comment_status":"closed","ping_status":"closed","template":"","meta":{"content-type":"","footnotes":""},"yoast_head":"<!-- This site is optimized with the Yoast SEO plugin v21.2 - https:\/\/yoast.com\/wordpress\/plugins\/seo\/ -->\n<title>Afiliados - Impulsionar Carreiras<\/title>\n<meta name=\"description\" content=\"O mercado de afiliados est\u00e1 cada vez mais concorrido. Manter-se competitivo requer atualiza\u00e7\u00e3o constante. Impulsione suas vendas aqui!\" \/>\n<meta name=\"robots\" content=\"index, follow, max-snippet:-1, max-image-preview:large, max-video-preview:-1\" \/>\n<link rel=\"canonical\" href=\"https:\/\/impulsionarcarreiras.com.br\/index.php\/marketing-digital\/afiliados\/\" \/>\n<meta property=\"og:locale\" content=\"en_US\" \/>\n<meta property=\"og:type\" content=\"article\" \/>\n<meta property=\"og:title\" content=\"Afiliados - Impulsionar Carreiras\" \/>\n<meta property=\"og:description\" content=\"O mercado de afiliados est\u00e1 cada vez mais concorrido. Manter-se competitivo requer atualiza\u00e7\u00e3o constante. Impulsione suas vendas aqui!\" \/>\n<meta property=\"og:url\" content=\"https:\/\/impulsionarcarreiras.com.br\/index.php\/marketing-digital\/afiliados\/\" \/>\n<meta property=\"og:site_name\" content=\"Impulsionar Carreiras\" \/>\n<meta property=\"article:modified_time\" content=\"2023-08-22T00:50:11+00:00\" \/>\n<meta property=\"og:image\" content=\"https:\/\/impulsionarcarreiras.com.br\/wp-content\/uploads\/2023\/08\/afiliados.jpeg\" \/>\n<meta name=\"twitter:card\" content=\"summary_large_image\" \/>\n<meta name=\"twitter:label1\" content=\"Est. reading time\" \/>\n\t<meta name=\"twitter:data1\" content=\"4 minutes\" \/>\n<script type=\"application\/ld+json\" class=\"yoast-schema-graph\">{\"@context\":\"https:\/\/schema.org\",\"@graph\":[{\"@type\":\"WebPage\",\"@id\":\"https:\/\/impulsionarcarreiras.com.br\/index.php\/marketing-digital\/afiliados\/\",\"url\":\"https:\/\/impulsionarcarreiras.com.br\/index.php\/marketing-digital\/afiliados\/\",\"name\":\"Afiliados - Impulsionar Carreiras\",\"isPartOf\":{\"@id\":\"https:\/\/impulsionarcarreiras.com.br\/#website\"},\"datePublished\":\"2023-08-20T00:21:37+00:00\",\"dateModified\":\"2023-08-22T00:50:11+00:00\",\"description\":\"O mercado de afiliados est\u00e1 cada vez mais concorrido. Manter-se competitivo requer atualiza\u00e7\u00e3o constante. Impulsione suas vendas aqui!\",\"breadcrumb\":{\"@id\":\"https:\/\/impulsionarcarreiras.com.br\/index.php\/marketing-digital\/afiliados\/#breadcrumb\"},\"inLanguage\":\"en-US\",\"potentialAction\":[{\"@type\":\"ReadAction\",\"target\":[\"https:\/\/impulsionarcarreiras.com.br\/index.php\/marketing-digital\/afiliados\/\"]}]},{\"@type\":\"BreadcrumbList\",\"@id\":\"https:\/\/impulsionarcarreiras.com.br\/index.php\/marketing-digital\/afiliados\/#breadcrumb\",\"itemListElement\":[{\"@type\":\"ListItem\",\"position\":1,\"name\":\"In\u00edcio\",\"item\":\"https:\/\/impulsionarcarreiras.com.br\/\"},{\"@type\":\"ListItem\",\"position\":2,\"name\":\"Marketing Digital\",\"item\":\"https:\/\/impulsionarcarreiras.com.br\/index.php\/marketing-digital\/\"},{\"@type\":\"ListItem\",\"position\":3,\"name\":\"Afiliados\"}]},{\"@type\":\"WebSite\",\"@id\":\"https:\/\/impulsionarcarreiras.com.br\/#website\",\"url\":\"https:\/\/impulsionarcarreiras.com.br\/\",\"name\":\"Impulsionar Carreiras\",\"description\":\"\",\"potentialAction\":[{\"@type\":\"SearchAction\",\"target\":{\"@type\":\"EntryPoint\",\"urlTemplate\":\"https:\/\/impulsionarcarreiras.com.br\/?s={search_term_string}\"},\"query-input\":\"required name=search_term_string\"}],\"inLanguage\":\"en-US\"}]}<\/script>\n<!-- \/ Yoast SEO plugin. -->","yoast_head_json":{"title":"Afiliados - Impulsionar Carreiras","description":"O mercado de afiliados est\u00e1 cada vez mais concorrido. Manter-se competitivo requer atualiza\u00e7\u00e3o constante. Impulsione suas vendas aqui!","robots":{"index":"index","follow":"follow","max-snippet":"max-snippet:-1","max-image-preview":"max-image-preview:large","max-video-preview":"max-video-preview:-1"},"canonical":"https:\/\/impulsionarcarreiras.com.br\/index.php\/marketing-digital\/afiliados\/","og_locale":"en_US","og_type":"article","og_title":"Afiliados - Impulsionar Carreiras","og_description":"O mercado de afiliados est\u00e1 cada vez mais concorrido. Manter-se competitivo requer atualiza\u00e7\u00e3o constante. Impulsione suas vendas aqui!","og_url":"https:\/\/impulsionarcarreiras.com.br\/index.php\/marketing-digital\/afiliados\/","og_site_name":"Impulsionar Carreiras","article_modified_time":"2023-08-22T00:50:11+00:00","og_image":[{"url":"https:\/\/impulsionarcarreiras.com.br\/wp-content\/uploads\/2023\/08\/afiliados.jpeg"}],"twitter_card":"summary_large_image","twitter_misc":{"Est. reading time":"4 minutes"},"schema":{"@context":"https:\/\/schema.org","@graph":[{"@type":"WebPage","@id":"https:\/\/impulsionarcarreiras.com.br\/index.php\/marketing-digital\/afiliados\/","url":"https:\/\/impulsionarcarreiras.com.br\/index.php\/marketing-digital\/afiliados\/","name":"Afiliados - Impulsionar Carreiras","isPartOf":{"@id":"https:\/\/impulsionarcarreiras.com.br\/#website"},"datePublished":"2023-08-20T00:21:37+00:00","dateModified":"2023-08-22T00:50:11+00:00","description":"O mercado de afiliados est\u00e1 cada vez mais concorrido. Manter-se competitivo requer atualiza\u00e7\u00e3o constante. Impulsione suas vendas aqui!","breadcrumb":{"@id":"https:\/\/impulsionarcarreiras.com.br\/index.php\/marketing-digital\/afiliados\/#breadcrumb"},"inLanguage":"en-US","potentialAction":[{"@type":"ReadAction","target":["https:\/\/impulsionarcarreiras.com.br\/index.php\/marketing-digital\/afiliados\/"]}]},{"@type":"BreadcrumbList","@id":"https:\/\/impulsionarcarreiras.com.br\/index.php\/marketing-digital\/afiliados\/#breadcrumb","itemListElement":[{"@type":"ListItem","position":1,"name":"In\u00edcio","item":"https:\/\/impulsionarcarreiras.com.br\/"},{"@type":"ListItem","position":2,"name":"Marketing Digital","item":"https:\/\/impulsionarcarreiras.com.br\/index.php\/marketing-digital\/"},{"@type":"ListItem","position":3,"name":"Afiliados"}]},{"@type":"WebSite","@id":"https:\/\/impulsionarcarreiras.com.br\/#website","url":"https:\/\/impulsionarcarreiras.com.br\/","name":"Impulsionar Carreiras","description":"","potentialAction":[{"@type":"SearchAction","target":{"@type":"EntryPoint","urlTemplate":"https:\/\/impulsionarcarreiras.com.br\/?s={search_term_string}"},"query-input":"required name=search_term_string"}],"inLanguage":"en-US"}]}},"_links":{"self":[{"href":"https:\/\/impulsionarcarreiras.com.br\/index.php\/wp-json\/wp\/v2\/pages\/2147"}],"collection":[{"href":"https:\/\/impulsionarcarreiras.com.br\/index.php\/wp-json\/wp\/v2\/pages"}],"about":[{"href":"https:\/\/impulsionarcarreiras.com.br\/index.php\/wp-json\/wp\/v2\/types\/page"}],"author":[{"embeddable":true,"href":"https:\/\/impulsionarcarreiras.com.br\/index.php\/wp-json\/wp\/v2\/users\/1"}],"replies":[{"embeddable":true,"href":"https:\/\/impulsionarcarreiras.com.br\/index.php\/wp-json\/wp\/v2\/comments?post=2147"}],"version-history":[{"count":8,"href":"https:\/\/impulsionarcarreiras.com.br\/index.php\/wp-json\/wp\/v2\/pages\/2147\/revisions"}],"predecessor-version":[{"id":2202,"href":"https:\/\/impulsionarcarreiras.com.br\/index.php\/wp-json\/wp\/v2\/pages\/2147\/revisions\/2202"}],"up":[{"embeddable":true,"href":"https:\/\/impulsionarcarreiras.com.br\/index.php\/wp-json\/wp\/v2\/pages\/1886"}],"wp:attachment":[{"href":"https:\/\/impulsionarcarreiras.com.br\/index.php\/wp-json\/wp\/v2\/media?parent=2147"}],"curies":[{"name":"wp","href":"https:\/\/api.w.org\/{rel}","templated":true}]}}